{"id":1854,"date":"2025-10-05T18:03:26","date_gmt":"2025-10-05T21:03:26","guid":{"rendered":"https:\/\/orlandocani.com\/?page_id=1854"},"modified":"2025-10-14T18:43:16","modified_gmt":"2025-10-14T21:43:16","slug":"equipe","status":"publish","type":"page","link":"https:\/\/orlandocani.com\/en\/equipe\/","title":{"rendered":"Our Team"},"content":{"rendered":"<div data-elementor-type=\"wp-page\" data-elementor-id=\"1854\" class=\"elementor elementor-1854\" data-elementor-post-type=\"page\">\n\t\t\t\t<div class=\"elementor-element elementor-element-854088f e-flex e-con-boxed wpr-particle-no wpr-jarallax-no wpr-parallax-no wpr-sticky-section-no wpr-equal-height-no e-con e-parent\" data-id=\"854088f\" data-element_type=\"container\" data-e-type=\"container\" data-settings=\"{&quot;background_background&quot;:&quot;classic&quot;}\">\n\t\t\t\t\t<div class=\"e-con-inner\">\n\t\t\t\t<div class=\"elementor-element elementor-element-fa5269d elementor-widget elementor-widget-heading\" data-id=\"fa5269d\" data-element_type=\"widget\" data-e-type=\"widget\" data-widget_type=\"heading.default\">\n\t\t\t\t\t<h2 class=\"elementor-heading-title elementor-size-default\">Meet Our Team<\/h2>\t\t\t\t<\/div>\n\t\t\t\t\t<\/div>\n\t\t\t\t<\/div>\n\t\t<div class=\"elementor-element elementor-element-5b6c469c e-flex e-con-boxed wpr-particle-no wpr-jarallax-no wpr-parallax-no wpr-sticky-section-no wpr-equal-height-no e-con e-parent\" data-id=\"5b6c469c\" data-element_type=\"container\" data-e-type=\"container\" data-settings=\"{&quot;background_background&quot;:&quot;classic&quot;}\">\n\t\t\t\t\t<div class=\"e-con-inner\">\n\t\t<div class=\"elementor-element elementor-element-1a60deb e-con-full e-flex wpr-particle-no wpr-jarallax-no wpr-parallax-no wpr-sticky-section-no wpr-equal-height-no e-con e-child\" data-id=\"1a60deb\" data-element_type=\"container\" data-e-type=\"container\">\n\t\t\t\t<div class=\"elementor-element elementor-element-1efb745d elementor-widget elementor-widget-heading\" data-id=\"1efb745d\" data-element_type=\"widget\" data-e-type=\"widget\" data-widget_type=\"heading.default\">\n\t\t\t\t\t<h2 class=\"elementor-heading-title elementor-size-default\">Behind the Method<\/h2>\t\t\t\t<\/div>\n\t\t\t\t<div class=\"elementor-element elementor-element-2f8a2eb2 elementor-widget elementor-widget-text-editor\" data-id=\"2f8a2eb2\" data-element_type=\"widget\" data-e-type=\"widget\" data-widget_type=\"text-editor.default\">\n\t\t\t\t\t\t\t\t\t<p>A team of leading experts in conscious movement education, ensuring both the tradition and evolution of the Orlando Cani Method.<\/p>\t\t\t\t\t\t\t\t<\/div>\n\t\t\t\t<\/div>\n\t\t<div class=\"elementor-element elementor-element-4aa2fff8 e-con-full e-flex wpr-particle-no wpr-jarallax-no wpr-parallax-no wpr-sticky-section-no wpr-equal-height-no e-con e-child\" data-id=\"4aa2fff8\" data-element_type=\"container\" data-e-type=\"container\">\n\t\t<div class=\"elementor-element elementor-element-20d3f1ed e-con-full e-flex wpr-particle-no wpr-jarallax-no wpr-parallax-no wpr-sticky-section-no wpr-equal-height-no e-con e-child\" data-id=\"20d3f1ed\" data-element_type=\"container\" data-e-type=\"container\" data-settings=\"{&quot;background_background&quot;:&quot;classic&quot;}\">\n\t\t\t\t<div class=\"elementor-element elementor-element-6e63f883 elementor-widget elementor-widget-image\" data-id=\"6e63f883\" data-element_type=\"widget\" data-e-type=\"widget\" data-widget_type=\"image.default\">\n\t\t\t\t\t\t\t\t\t\t\t\t\t\t\t<img decoding=\"async\" width=\"150\" height=\"150\" src=\"https:\/\/orlandocani.com\/wp-content\/uploads\/2025\/10\/roberta-150x150.jpeg\" class=\"attachment-thumbnail size-thumbnail wp-image-1859\" alt=\"\" srcset=\"https:\/\/orlandocani.com\/wp-content\/uploads\/2025\/10\/roberta-150x150.jpeg 150w, https:\/\/orlandocani.com\/wp-content\/uploads\/2025\/10\/roberta-300x300.jpeg 300w, https:\/\/orlandocani.com\/wp-content\/uploads\/2025\/10\/roberta-100x100.jpeg 100w\" sizes=\"(max-width: 150px) 100vw, 150px\" \/>\t\t\t\t\t\t\t\t\t\t\t\t\t\t\t<\/div>\n\t\t\t\t<div class=\"elementor-element elementor-element-19f871a8 elementor-widget elementor-widget-heading\" data-id=\"19f871a8\" data-element_type=\"widget\" data-e-type=\"widget\" data-widget_type=\"heading.default\">\n\t\t\t\t\t<h2 class=\"elementor-heading-title elementor-size-default\">Roberta Cani\u200b<\/h2>\t\t\t\t<\/div>\n\t\t\t\t<div class=\"elementor-element elementor-element-5018ad71 elementor-widget elementor-widget-text-editor\" data-id=\"5018ad71\" data-element_type=\"widget\" data-e-type=\"widget\" data-widget_type=\"text-editor.default\">\n\t\t\t\t\t\t\t\t\t<p><span style=\"font-weight: 400;\">Daughter of Orlando Cani, Roberta grew up immersed in the world of Biogin\u00e1stica, yoga, and conscious movement. Since the age of 16, she has worked as an educator of the method, combining a degree in Physical Education (Universidade Gama Filho) with studies at the Sports University of Cologne (Germany).<\/span><\/p><p><span style=\"font-weight: 400;\">Over more than four decades, Roberta has not only followed in her father\u2019s footsteps \u2014 she has adapted the method to support people in post-surgical rehabilitation processes and, always in partnership with physicians, individuals recovering from addictions. Her practice combines science, sensitivity, and a refined bodily awareness.<\/span><\/p><p><span style=\"font-weight: 400;\">Today, she is one of the greatest references of the Orlando Cani Method, training instructors and preserving a living legacy that inspires new generations.<\/span><\/p>\t\t\t\t\t\t\t\t<\/div>\n\t\t\t\t<\/div>\n\t\t<div class=\"elementor-element elementor-element-699f9a88 e-con-full e-flex wpr-particle-no wpr-jarallax-no wpr-parallax-no wpr-sticky-section-no wpr-equal-height-no e-con e-child\" data-id=\"699f9a88\" data-element_type=\"container\" data-e-type=\"container\" data-settings=\"{&quot;background_background&quot;:&quot;classic&quot;}\">\n\t\t\t\t<div class=\"elementor-element elementor-element-1b14e962 elementor-widget elementor-widget-image\" data-id=\"1b14e962\" data-element_type=\"widget\" data-e-type=\"widget\" data-widget_type=\"image.default\">\n\t\t\t\t\t\t\t\t\t\t\t\t\t\t\t<img decoding=\"async\" width=\"150\" height=\"150\" src=\"https:\/\/orlandocani.com\/wp-content\/uploads\/2025\/10\/9392850f-0d3e-46cd-984d-0585e82f856e-150x150.jpg\" class=\"attachment-thumbnail size-thumbnail wp-image-2042\" alt=\"\" srcset=\"https:\/\/orlandocani.com\/wp-content\/uploads\/2025\/10\/9392850f-0d3e-46cd-984d-0585e82f856e-150x150.jpg 150w, https:\/\/orlandocani.com\/wp-content\/uploads\/2025\/10\/9392850f-0d3e-46cd-984d-0585e82f856e-300x300.jpg 300w, https:\/\/orlandocani.com\/wp-content\/uploads\/2025\/10\/9392850f-0d3e-46cd-984d-0585e82f856e-100x100.jpg 100w\" sizes=\"(max-width: 150px) 100vw, 150px\" \/>\t\t\t\t\t\t\t\t\t\t\t\t\t\t\t<\/div>\n\t\t\t\t<div class=\"elementor-element elementor-element-4215203f elementor-widget elementor-widget-heading\" data-id=\"4215203f\" data-element_type=\"widget\" data-e-type=\"widget\" data-widget_type=\"heading.default\">\n\t\t\t\t\t<h2 class=\"elementor-heading-title elementor-size-default\">Patricia Cani<\/h2>\t\t\t\t<\/div>\n\t\t\t\t<div class=\"elementor-element elementor-element-29713914 elementor-widget elementor-widget-text-editor\" data-id=\"29713914\" data-element_type=\"widget\" data-e-type=\"widget\" data-widget_type=\"text-editor.default\">\n\t\t\t\t\t\t\t\t\t<p>A graduate in Physical Education from UFRJ, Patr\u00edcia was raised within the philosophy of conscious movement developed by her father, Orlando Cani. Her experience with yoga and Biogin\u00e1stica comes from direct living and learning with the master, observing his daily practices and teachings.<\/p><p>Over the years, she has deepened particularly in the yoga dimension of the Orlando Cani Method, exploring its connection to spirituality and self-knowledge. Driven by this inner search, she traveled to India to explore the origins of the Orlando Cani Method \u2014 an experience that expanded her understanding of the integration between body, mind, and vital energy.<\/p><p>Patr\u00edcia carries forward her father\u2019s legacy, deepening the path of Yoga Cani \u2014 an approach that integrates movement and spirituality, inviting presence, lightness, and balance.<\/p>\t\t\t\t\t\t\t\t<\/div>\n\t\t\t\t<\/div>\n\t\t<div class=\"elementor-element elementor-element-7cd7ff1 e-con-full e-flex wpr-particle-no wpr-jarallax-no wpr-parallax-no wpr-sticky-section-no wpr-equal-height-no e-con e-child\" data-id=\"7cd7ff1\" data-element_type=\"container\" data-e-type=\"container\" data-settings=\"{&quot;background_background&quot;:&quot;classic&quot;}\">\n\t\t\t\t<div class=\"elementor-element elementor-element-ff223d3 elementor-widget elementor-widget-image\" data-id=\"ff223d3\" data-element_type=\"widget\" data-e-type=\"widget\" data-widget_type=\"image.default\">\n\t\t\t\t\t\t\t\t\t\t\t\t\t\t\t<img decoding=\"async\" width=\"150\" height=\"150\" src=\"https:\/\/orlandocani.com\/wp-content\/uploads\/2025\/10\/marcelo-150x150.jpg\" class=\"attachment-thumbnail size-thumbnail wp-image-1863\" alt=\"\" srcset=\"https:\/\/orlandocani.com\/wp-content\/uploads\/2025\/10\/marcelo-150x150.jpg 150w, https:\/\/orlandocani.com\/wp-content\/uploads\/2025\/10\/marcelo-300x300.jpg 300w, https:\/\/orlandocani.com\/wp-content\/uploads\/2025\/10\/marcelo-768x768.jpg 768w, https:\/\/orlandocani.com\/wp-content\/uploads\/2025\/10\/marcelo-600x600.jpg 600w, https:\/\/orlandocani.com\/wp-content\/uploads\/2025\/10\/marcelo-100x100.jpg 100w, https:\/\/orlandocani.com\/wp-content\/uploads\/2025\/10\/marcelo.jpg 800w\" sizes=\"(max-width: 150px) 100vw, 150px\" \/>\t\t\t\t\t\t\t\t\t\t\t\t\t\t\t<\/div>\n\t\t\t\t<div class=\"elementor-element elementor-element-2b862f5 elementor-widget elementor-widget-heading\" data-id=\"2b862f5\" data-element_type=\"widget\" data-e-type=\"widget\" data-widget_type=\"heading.default\">\n\t\t\t\t\t<h2 class=\"elementor-heading-title elementor-size-default\">Marcelo Barros<\/h2>\t\t\t\t<\/div>\n\t\t\t\t<div class=\"elementor-element elementor-element-f1fc7a4 elementor-widget elementor-widget-text-editor\" data-id=\"f1fc7a4\" data-element_type=\"widget\" data-e-type=\"widget\" data-widget_type=\"text-editor.default\">\n\t\t\t\t\t\t\t\t\t<p><span style=\"font-weight: 400;\">A direct disciple and one of the main continuators of Orlando Cani\u2019s work, Marcelo has spent more than two decades developing and sharing Biogin\u00e1stica and the Orlando Cani Method. With a degree in Physical Education, he has a solid background in integrative body practices, with studies in yoga, Ayurveda, Pilates, and breathwork.<\/span><\/p><p><span style=\"font-weight: 400;\">Since 2001, he has worked alongside Master Orlando, deepening his understanding of conscious movement and applying the method to well-being, performance, and holistic health. He has taught classes and trainings at centers such as Proforma, A!BodyTech, Espa\u00e7o Nirvana, and the Deborah Colker Movement Center, and has trained athletes, artists, fighters, and theater groups.<\/span><\/p><p><span style=\"font-weight: 400;\">Today, Marcelo is one of the major references in the evolution of Biogin\u00e1stica, contributing to the training of new professionals and the preservation of his master\u2019s living legacy.<\/span><\/p>\t\t\t\t\t\t\t\t<\/div>\n\t\t\t\t<\/div>\n\t\t\t\t<\/div>\n\t\t\t\t\t<\/div>\n\t\t\t\t<\/div>\n\t\t<div class=\"elementor-element elementor-element-57d3b9d elementor-hidden-mobile e-flex e-con-boxed wpr-particle-no wpr-jarallax-no wpr-parallax-no wpr-sticky-section-no wpr-equal-height-no e-con e-parent\" data-id=\"57d3b9d\" data-element_type=\"container\" data-e-type=\"container\" data-settings=\"{&quot;background_background&quot;:&quot;classic&quot;}\">\n\t\t\t\t\t<div class=\"e-con-inner\">\n\t\t<div class=\"elementor-element elementor-element-a68b045 e-con-full e-flex wpr-particle-no wpr-jarallax-no wpr-parallax-no wpr-sticky-section-no wpr-equal-height-no e-con e-child\" data-id=\"a68b045\" data-element_type=\"container\" data-e-type=\"container\" data-settings=\"{&quot;background_background&quot;:&quot;classic&quot;}\">\n\t\t<div class=\"elementor-element elementor-element-bd1588b e-con-full e-flex wpr-particle-no wpr-jarallax-no wpr-parallax-no wpr-sticky-section-no wpr-equal-height-no e-con e-child\" data-id=\"bd1588b\" data-element_type=\"container\" data-e-type=\"container\">\n\t\t\t\t<div class=\"elementor-element elementor-element-b3a23c3 elementor-widget elementor-widget-image\" data-id=\"b3a23c3\" data-element_type=\"widget\" data-e-type=\"widget\" data-widget_type=\"image.default\">\n\t\t\t\t\t\t\t\t\t\t\t\t\t\t\t<img loading=\"lazy\" decoding=\"async\" width=\"79\" height=\"79\" src=\"https:\/\/orlandocani.com\/wp-content\/uploads\/2025\/09\/Group-157.png\" class=\"attachment-full size-full wp-image-654\" alt=\"\" \/>\t\t\t\t\t\t\t\t\t\t\t\t\t\t\t<\/div>\n\t\t\t\t<\/div>\n\t\t<div class=\"elementor-element elementor-element-4b5bcde e-con-full e-flex wpr-particle-no wpr-jarallax-no wpr-parallax-no wpr-sticky-section-no wpr-equal-height-no e-con e-child\" data-id=\"4b5bcde\" data-element_type=\"container\" data-e-type=\"container\">\n\t\t\t\t<div class=\"elementor-element elementor-element-0b2afbd elementor-widget elementor-widget-heading\" data-id=\"0b2afbd\" data-element_type=\"widget\" data-e-type=\"widget\" data-widget_type=\"heading.default\">\n\t\t\t\t\t<h2 class=\"elementor-heading-title elementor-size-default\">Whatsapp<\/h2>\t\t\t\t<\/div>\n\t\t\t\t<div class=\"elementor-element elementor-element-9844cc4 elementor-widget elementor-widget-heading\" data-id=\"9844cc4\" data-element_type=\"widget\" data-e-type=\"widget\" data-widget_type=\"heading.default\">\n\t\t\t\t\t<h2 class=\"elementor-heading-title elementor-size-default\"><a href=\"https:\/\/api.whatsapp.com\/send\/?phone=5521976782645&#038;text=Ol\u00e1,%20vim%20do%20site%20do%20Instituto%20Orlando%20Cani\" target=\"_blank\">(21) 97678-2645<\/a><\/h2>\t\t\t\t<\/div>\n\t\t\t\t<div class=\"elementor-element elementor-element-af1ef00 elementor-widget elementor-widget-text-editor\" data-id=\"af1ef00\" data-element_type=\"widget\" data-e-type=\"widget\" data-widget_type=\"text-editor.default\">\n\t\t\t\t\t\t\t\t\t<p>Talk to us quickly and easily via WhatsApp.<\/p>\t\t\t\t\t\t\t\t<\/div>\n\t\t\t\t<\/div>\n\t\t\t\t<\/div>\n\t\t<div class=\"elementor-element elementor-element-239b5c6 e-con-full elementor-hidden-mobile e-flex wpr-particle-no wpr-jarallax-no wpr-parallax-no wpr-sticky-section-no wpr-equal-height-no e-con e-child\" data-id=\"239b5c6\" data-element_type=\"container\" data-e-type=\"container\" data-settings=\"{&quot;background_background&quot;:&quot;classic&quot;}\">\n\t\t<div class=\"elementor-element elementor-element-e87911a e-con-full e-flex wpr-particle-no wpr-jarallax-no wpr-parallax-no wpr-sticky-section-no wpr-equal-height-no e-con e-child\" data-id=\"e87911a\" data-element_type=\"container\" data-e-type=\"container\">\n\t\t\t\t<div class=\"elementor-element elementor-element-6993154 elementor-widget elementor-widget-image\" data-id=\"6993154\" data-element_type=\"widget\" data-e-type=\"widget\" data-widget_type=\"image.default\">\n\t\t\t\t\t\t\t\t\t\t\t\t\t\t\t<img loading=\"lazy\" decoding=\"async\" width=\"79\" height=\"79\" src=\"https:\/\/orlandocani.com\/wp-content\/uploads\/2025\/09\/Group-157-1.png\" class=\"attachment-full size-full wp-image-655\" alt=\"\" \/>\t\t\t\t\t\t\t\t\t\t\t\t\t\t\t<\/div>\n\t\t\t\t<\/div>\n\t\t<div class=\"elementor-element elementor-element-967e4e2 e-con-full e-flex wpr-particle-no wpr-jarallax-no wpr-parallax-no wpr-sticky-section-no wpr-equal-height-no e-con e-child\" data-id=\"967e4e2\" data-element_type=\"container\" data-e-type=\"container\">\n\t\t\t\t<div class=\"elementor-element elementor-element-ef4bf42 elementor-widget elementor-widget-heading\" data-id=\"ef4bf42\" data-element_type=\"widget\" data-e-type=\"widget\" data-widget_type=\"heading.default\">\n\t\t\t\t\t<h2 class=\"elementor-heading-title elementor-size-default\">Email<\/h2>\t\t\t\t<\/div>\n\t\t\t\t<div class=\"elementor-element elementor-element-d93c494 elementor-widget elementor-widget-heading\" data-id=\"d93c494\" data-element_type=\"widget\" data-e-type=\"widget\" data-widget_type=\"heading.default\">\n\t\t\t\t\t<p class=\"elementor-heading-title elementor-size-default\">contato@orlandocani.com<\/p>\t\t\t\t<\/div>\n\t\t\t\t<div class=\"elementor-element elementor-element-b7222b0 elementor-widget elementor-widget-text-editor\" data-id=\"b7222b0\" data-element_type=\"widget\" data-e-type=\"widget\" data-widget_type=\"text-editor.default\">\n\t\t\t\t\t\t\t\t\t<p>Send your question to us by email.<\/p>\t\t\t\t\t\t\t\t<\/div>\n\t\t\t\t<\/div>\n\t\t\t\t<\/div>\n\t\t\t\t\t<\/div>\n\t\t\t\t<\/div>\n\t\t\t\t<\/div>","protected":false},"excerpt":{"rendered":"<p>Conhe\u00e7a nossa equipe Por tr\u00e1s do M\u00e9todo Uma equipe de refer\u00eancia na educa\u00e7\u00e3o do movimento consciente, garantindo a tradi\u00e7\u00e3o e evolu\u00e7\u00e3o do M\u00e9todo Orlando Cani Roberta Cani\u200b Filha de Orlando Cani, Roberta cresceu imersa no universo da Biogin\u00e1stica, Yoga e do movimento consciente. Desde os 16 anos, atua como educadora do m\u00e9todo, combinando forma\u00e7\u00e3o em Educa\u00e7\u00e3o F\u00edsica (Universidade Gama Filho) com estudos na Faculdade de Esportes de K\u00f6ln (Alemanha). Ao longo de mais de quatro d\u00e9cadas, Roberta n\u00e3o apenas seguiu os passos do pai \u2014 ela adaptou o m\u00e9todo para apoiar pessoas em processos de reabilita\u00e7\u00e3o p\u00f3s-cir\u00fargica, al\u00e9m de auxiliar, sempre em parceria com m\u00e9dicos, indiv\u00edduos em recupera\u00e7\u00e3o de v\u00edcios. Sua pr\u00e1tica une ci\u00eancia, sensibilidade e uma escuta corporal refinada. Hoje, \u00e9 uma das maiores refer\u00eancias do M\u00e9todo Orlando Cani, atuando na forma\u00e7\u00e3o de professores e na preserva\u00e7\u00e3o viva de um legado que inspira novas gera\u00e7\u00f5es. Patricia Cani Formada em Educa\u00e7\u00e3o F\u00edsica pela UFRJ, Patr\u00edcia cresceu em meio \u00e0 filosofia do movimento consciente desenvolvida por seu pai, Orlando Cani. Sua viv\u00eancia com o yoga e a Biogin\u00e1stica vem da conviv\u00eancia direta com o mestre e da observa\u00e7\u00e3o cotidiana de sua pr\u00e1tica e ensinamentos. Ao longo dos anos, Patr\u00edcia aprofundou-se especialmente na dimens\u00e3o do yoga dentro do M\u00e9todo Orlando Cani, explorando sua liga\u00e7\u00e3o com a espiritualidade e o autoconhecimento. Movida por essa busca interior, viajou \u00e0 \u00cdndia para buscar as origens do M\u00e9todo Orlando Cani, experi\u00eancia que ampliou sua compreens\u00e3o sobre a integra\u00e7\u00e3o entre corpo, mente e energia vital. Hoje, Patr\u00edcia d\u00e1 continuidade ao legado do pai, aprofundando-se na vertente do Yoga Cani, caminho que integra movimento e espiritualidade, e convida \u00e0 presen\u00e7a, \u00e0 leveza e ao equil\u00edbrio. Marcelo Barros Disc\u00edpulo direto e um dos principais continuadores da obra de Orlando Cani, Marcelo atua h\u00e1 mais de duas d\u00e9cadas no desenvolvimento e na transmiss\u00e3o da Biogin\u00e1stica e do M\u00e9todo Orlando Cani. Licenciado em Educa\u00e7\u00e3o F\u00edsica, re\u00fane uma s\u00f3lida trajet\u00f3ria em pr\u00e1ticas corporais integrativas, com estudos em Yoga, Ayurveda, Pilates e respira\u00e7\u00e3o. Desde 2001, trabalha ao lado do mestre Orlando, aprofundando-se no movimento consciente e na aplica\u00e7\u00e3o do m\u00e9todo para bem-estar, performance e sa\u00fade integral. J\u00e1 ministrou aulas e treinamentos em centros como Proforma, A!BodyTech, Espa\u00e7o Nirvana e o Centro de Movimento Deborah Colker, al\u00e9m de formar atletas, artistas, lutadores e grupos teatrais. Hoje, Marcelo \u00e9 uma das grandes refer\u00eancias na evolu\u00e7\u00e3o da Biogin\u00e1stica, colaborando na forma\u00e7\u00e3o de novos profissionais e na preserva\u00e7\u00e3o viva do legado de seu mestre. Whatsapp (21) 97678-2645 Fale conosco de forma r\u00e1pida e pr\u00e1tica via whatsapp E-mail contato@orlandocani.com Envie sua d\u00favida para nosso e-mail<\/p>","protected":false},"author":1,"featured_media":0,"parent":0,"menu_order":0,"comment_status":"closed","ping_status":"closed","template":"elementor_header_footer","meta":{"footnotes":""},"class_list":["post-1854","page","type-page","status-publish","hentry"],"_links":{"self":[{"href":"https:\/\/orlandocani.com\/en\/wp-json\/wp\/v2\/pages\/1854","targetHints":{"allow":["GET"]}}],"collection":[{"href":"https:\/\/orlandocani.com\/en\/wp-json\/wp\/v2\/pages"}],"about":[{"href":"https:\/\/orlandocani.com\/en\/wp-json\/wp\/v2\/types\/page"}],"author":[{"embeddable":true,"href":"https:\/\/orlandocani.com\/en\/wp-json\/wp\/v2\/users\/1"}],"replies":[{"embeddable":true,"href":"https:\/\/orlandocani.com\/en\/wp-json\/wp\/v2\/comments?post=1854"}],"version-history":[{"count":16,"href":"https:\/\/orlandocani.com\/en\/wp-json\/wp\/v2\/pages\/1854\/revisions"}],"predecessor-version":[{"id":2045,"href":"https:\/\/orlandocani.com\/en\/wp-json\/wp\/v2\/pages\/1854\/revisions\/2045"}],"wp:attachment":[{"href":"https:\/\/orlandocani.com\/en\/wp-json\/wp\/v2\/media?parent=1854"}],"curies":[{"name":"wp","href":"https:\/\/api.w.org\/{rel}","templated":true}]}}