{"id":712,"date":"2025-09-12T11:54:37","date_gmt":"2025-09-12T11:54:37","guid":{"rendered":"https:\/\/orlandocani.com\/?page_id=712"},"modified":"2025-10-14T19:07:37","modified_gmt":"2025-10-14T22:07:37","slug":"metodo","status":"publish","type":"page","link":"https:\/\/orlandocani.com\/en\/metodo\/","title":{"rendered":"The Method"},"content":{"rendered":"<div data-elementor-type=\"wp-page\" data-elementor-id=\"712\" class=\"elementor elementor-712\" data-elementor-post-type=\"page\">\n\t\t\t\t<div class=\"elementor-element elementor-element-854088f e-flex e-con-boxed wpr-particle-no wpr-jarallax-no wpr-parallax-no wpr-sticky-section-no wpr-equal-height-no e-con e-parent\" data-id=\"854088f\" data-element_type=\"container\" data-e-type=\"container\" data-settings=\"{&quot;background_background&quot;:&quot;classic&quot;}\">\n\t\t\t\t\t<div class=\"e-con-inner\">\n\t\t\t\t<div class=\"elementor-element elementor-element-fa5269d elementor-widget elementor-widget-heading\" data-id=\"fa5269d\" data-element_type=\"widget\" data-e-type=\"widget\" data-widget_type=\"heading.default\">\n\t\t\t\t\t<h2 class=\"elementor-heading-title elementor-size-default\">Orlando Cani Method: Breathe, Move, Live<\/h2>\t\t\t\t<\/div>\n\t\t\t\t\t<\/div>\n\t\t\t\t<\/div>\n\t\t<div class=\"elementor-element elementor-element-d56b6f3 e-flex e-con-boxed wpr-particle-no wpr-jarallax-no wpr-parallax-no wpr-sticky-section-no wpr-equal-height-no e-con e-parent\" data-id=\"d56b6f3\" data-element_type=\"container\" data-e-type=\"container\" data-settings=\"{&quot;background_background&quot;:&quot;classic&quot;}\">\n\t\t\t\t\t<div class=\"e-con-inner\">\n\t\t<div class=\"elementor-element elementor-element-8b0863e e-con-full e-flex wpr-particle-no wpr-jarallax-no wpr-parallax-no wpr-sticky-section-no wpr-equal-height-no e-con e-child\" data-id=\"8b0863e\" data-element_type=\"container\" data-e-type=\"container\">\n\t\t\t\t<div class=\"elementor-element elementor-element-9a81618 elementor-widget elementor-widget-heading\" data-id=\"9a81618\" data-element_type=\"widget\" data-e-type=\"widget\" data-widget_type=\"heading.default\">\n\t\t\t\t\t<h2 class=\"elementor-heading-title elementor-size-default\">The Method<\/h2>\t\t\t\t<\/div>\n\t\t\t\t<div class=\"elementor-element elementor-element-0691002 elementor-widget elementor-widget-text-editor\" data-id=\"0691002\" data-element_type=\"widget\" data-e-type=\"widget\" data-widget_type=\"text-editor.default\">\n\t\t\t\t\t\t\t\t\t<p><span style=\"font-weight: 400;\">The Orlando Cani Method is a body-based practice that integrates movement, breathing, and awareness to promote physical, mental, and emotional balance. Developed over nearly seven decades of studying and observing nature, the method combines the grounding of yoga, the fluidity of Biogin\u00e1stica, and the spontaneity of natural movement into a unique and accessible approach.<\/span><\/p><p><span style=\"font-weight: 400;\">During practice, the body moves continuously and organically, guided by the breath. Each gesture is an opportunity for presence\u2014an invitation to quiet the mind and enter a meditative state in action. As breathing leads the movement, it becomes the link between body and awareness, allowing practitioners to cultivate focus, lightness, and mental clarity.<\/span><\/p><p><span style=\"font-weight: 400;\">More than exercise, the Method is a living system of self-knowledge. It encourages each person to listen to their own body, to recognize their limits and possibilities, and to find a more harmonious internal rhythm.<\/span><\/p><p><span style=\"font-weight: 400;\">The method has impacted thousands of people over the past decades\u2014from high-performance athletes to sports professionals, wellness seekers, and anyone who wants to live with more awareness, health, and quality of life.<\/span><\/p>\t\t\t\t\t\t\t\t<\/div>\n\t\t\t\t<\/div>\n\t\t<div class=\"elementor-element elementor-element-f114ecd e-con-full e-flex wpr-particle-no wpr-jarallax-no wpr-parallax-no wpr-sticky-section-no wpr-equal-height-no e-con e-child\" data-id=\"f114ecd\" data-element_type=\"container\" data-e-type=\"container\">\n\t\t\t\t<div class=\"elementor-element elementor-element-000a41e elementor-widget elementor-widget-image\" data-id=\"000a41e\" data-element_type=\"widget\" data-e-type=\"widget\" data-widget_type=\"image.default\">\n\t\t\t\t\t\t\t\t\t\t\t\t\t\t\t<img fetchpriority=\"high\" decoding=\"async\" width=\"534\" height=\"675\" src=\"https:\/\/orlandocani.com\/wp-content\/uploads\/2025\/10\/metodo-foto1.png\" class=\"attachment-large size-large wp-image-1901\" alt=\"\" srcset=\"https:\/\/orlandocani.com\/wp-content\/uploads\/2025\/10\/metodo-foto1.png 534w, https:\/\/orlandocani.com\/wp-content\/uploads\/2025\/10\/metodo-foto1-237x300.png 237w\" sizes=\"(max-width: 534px) 100vw, 534px\" \/>\t\t\t\t\t\t\t\t\t\t\t\t\t\t\t<\/div>\n\t\t\t\t<\/div>\n\t\t\t\t\t<\/div>\n\t\t\t\t<\/div>\n\t\t<div class=\"elementor-element elementor-element-512a6a2 e-flex e-con-boxed wpr-particle-no wpr-jarallax-no wpr-parallax-no wpr-sticky-section-no wpr-equal-height-no e-con e-parent\" data-id=\"512a6a2\" data-element_type=\"container\" data-e-type=\"container\" data-settings=\"{&quot;background_background&quot;:&quot;classic&quot;}\">\n\t\t\t\t\t<div class=\"e-con-inner\">\n\t\t<div class=\"elementor-element elementor-element-af1a0f0 e-con-full e-flex wpr-particle-no wpr-jarallax-no wpr-parallax-no wpr-sticky-section-no wpr-equal-height-no e-con e-child\" data-id=\"af1a0f0\" data-element_type=\"container\" data-e-type=\"container\">\n\t\t\t\t<div class=\"elementor-element elementor-element-0e6cdbd elementor-widget elementor-widget-image\" data-id=\"0e6cdbd\" data-element_type=\"widget\" data-e-type=\"widget\" data-widget_type=\"image.default\">\n\t\t\t\t\t\t\t\t\t\t\t\t\t\t\t<img decoding=\"async\" width=\"800\" height=\"543\" src=\"https:\/\/orlandocani.com\/wp-content\/uploads\/2025\/09\/metodo-foto2-1024x695.png\" class=\"attachment-large size-large wp-image-718\" alt=\"\" srcset=\"https:\/\/orlandocani.com\/wp-content\/uploads\/2025\/09\/metodo-foto2-1024x695.png 1024w, https:\/\/orlandocani.com\/wp-content\/uploads\/2025\/09\/metodo-foto2-600x407.png 600w, https:\/\/orlandocani.com\/wp-content\/uploads\/2025\/09\/metodo-foto2-300x204.png 300w, https:\/\/orlandocani.com\/wp-content\/uploads\/2025\/09\/metodo-foto2-768x521.png 768w, https:\/\/orlandocani.com\/wp-content\/uploads\/2025\/09\/metodo-foto2.png 1300w\" sizes=\"(max-width: 800px) 100vw, 800px\" \/>\t\t\t\t\t\t\t\t\t\t\t\t\t\t\t<\/div>\n\t\t\t\t<\/div>\n\t\t<div class=\"elementor-element elementor-element-54f2641 e-con-full e-flex wpr-particle-no wpr-jarallax-no wpr-parallax-no wpr-sticky-section-no wpr-equal-height-no e-con e-child\" data-id=\"54f2641\" data-element_type=\"container\" data-e-type=\"container\">\n\t\t\t\t<div class=\"elementor-element elementor-element-674aaac elementor-widget elementor-widget-heading\" data-id=\"674aaac\" data-element_type=\"widget\" data-e-type=\"widget\" data-widget_type=\"heading.default\">\n\t\t\t\t\t<h2 class=\"elementor-heading-title elementor-size-default\">Benefits of the Orlando Cani Method<\/h2>\t\t\t\t<\/div>\n\t\t\t\t<div class=\"elementor-element elementor-element-4b6a7af elementor-widget elementor-widget-text-editor\" data-id=\"4b6a7af\" data-element_type=\"widget\" data-e-type=\"widget\" data-widget_type=\"text-editor.default\">\n\t\t\t\t\t\t\t\t\t<ul><li>Development of strength, flexibility, endurance, and coordination<\/li><li>Improved posture, focus, and body awareness<\/li><li>Reduced physical, mental, and emotional stress<\/li><li>Enhanced creativity, mental clarity, and intuition<\/li><li>Reconnection with the joy of movement and with the body as a source of balance<\/li><\/ul>\t\t\t\t\t\t\t\t<\/div>\n\t\t\t\t<div class=\"elementor-element elementor-element-2daf4f1 elementor-button-info elementor-widget elementor-widget-button\" data-id=\"2daf4f1\" data-element_type=\"widget\" data-e-type=\"widget\" data-widget_type=\"button.default\">\n\t\t\t\t\t\t\t\t\t\t<a class=\"elementor-button elementor-button-link elementor-size-sm\" href=\"https:\/\/orlandocani.com\/en\/cursos\/\">\n\t\t\t\t\t\t<span class=\"elementor-button-content-wrapper\">\n\t\t\t\t\t\t\t\t\t<span class=\"elementor-button-text\">Experience it \u2014 view the courses<\/span>\n\t\t\t\t\t<\/span>\n\t\t\t\t\t<\/a>\n\t\t\t\t\t\t\t\t<\/div>\n\t\t\t\t<\/div>\n\t\t\t\t\t<\/div>\n\t\t\t\t<\/div>\n\t\t<div class=\"elementor-element elementor-element-a0e6c53 e-flex e-con-boxed wpr-particle-no wpr-jarallax-no wpr-parallax-no wpr-sticky-section-no wpr-equal-height-no e-con e-parent\" data-id=\"a0e6c53\" data-element_type=\"container\" data-e-type=\"container\" data-settings=\"{&quot;background_background&quot;:&quot;classic&quot;}\">\n\t\t\t\t\t<div class=\"e-con-inner\">\n\t\t<div class=\"elementor-element elementor-element-1d3ebac e-con-full e-flex wpr-particle-no wpr-jarallax-no wpr-parallax-no wpr-sticky-section-no wpr-equal-height-no e-con e-child\" data-id=\"1d3ebac\" data-element_type=\"container\" data-e-type=\"container\">\n\t\t\t\t<div class=\"elementor-element elementor-element-95b3a59 elementor-widget elementor-widget-heading\" data-id=\"95b3a59\" data-element_type=\"widget\" data-e-type=\"widget\" data-widget_type=\"heading.default\">\n\t\t\t\t\t<h2 class=\"elementor-heading-title elementor-size-default\">See testimonials from those who have already experienced the method.<\/h2>\t\t\t\t<\/div>\n\t\t\t\t<\/div>\n\t\t<div class=\"elementor-element elementor-element-3a72710 e-con-full e-flex wpr-particle-no wpr-jarallax-no wpr-parallax-no wpr-sticky-section-no wpr-equal-height-no e-con e-child\" data-id=\"3a72710\" data-element_type=\"container\" data-e-type=\"container\">\n\t\t<div class=\"elementor-element elementor-element-8b8140b e-con-full e-flex wpr-particle-no wpr-jarallax-no wpr-parallax-no wpr-sticky-section-no wpr-equal-height-no e-con e-child\" data-id=\"8b8140b\" data-element_type=\"container\" data-e-type=\"container\">\n\t\t\t\t<div class=\"elementor-element elementor-element-508ceba elementor-widget elementor-widget-video\" data-id=\"508ceba\" data-element_type=\"widget\" data-e-type=\"widget\" data-settings=\"{&quot;youtube_url&quot;:&quot;https:\\\/\\\/youtu.be\\\/W7Sn0Xaz-DQ&quot;,&quot;video_type&quot;:&quot;youtube&quot;,&quot;controls&quot;:&quot;yes&quot;}\" data-widget_type=\"video.default\">\n\t\t\t\t\t\t\t<div class=\"elementor-wrapper elementor-open-inline\">\n\t\t\t<div class=\"elementor-video\"><\/div>\t\t<\/div>\n\t\t\t\t\t\t<\/div>\n\t\t\t\t<\/div>\n\t\t<div class=\"elementor-element elementor-element-9804f8e e-con-full e-flex wpr-particle-no wpr-jarallax-no wpr-parallax-no wpr-sticky-section-no wpr-equal-height-no e-con e-child\" data-id=\"9804f8e\" data-element_type=\"container\" data-e-type=\"container\">\n\t\t\t\t<div class=\"elementor-element elementor-element-20986bf elementor-widget elementor-widget-video\" data-id=\"20986bf\" data-element_type=\"widget\" data-e-type=\"widget\" data-settings=\"{&quot;youtube_url&quot;:&quot;https:\\\/\\\/youtu.be\\\/QHB16pVmkGQ&quot;,&quot;video_type&quot;:&quot;youtube&quot;,&quot;controls&quot;:&quot;yes&quot;}\" data-widget_type=\"video.default\">\n\t\t\t\t\t\t\t<div class=\"elementor-wrapper elementor-open-inline\">\n\t\t\t<div class=\"elementor-video\"><\/div>\t\t<\/div>\n\t\t\t\t\t\t<\/div>\n\t\t\t\t<\/div>\n\t\t<div class=\"elementor-element elementor-element-8a178c0 e-con-full e-flex wpr-particle-no wpr-jarallax-no wpr-parallax-no wpr-sticky-section-no wpr-equal-height-no e-con e-child\" data-id=\"8a178c0\" data-element_type=\"container\" data-e-type=\"container\">\n\t\t\t\t<div class=\"elementor-element elementor-element-61caecd elementor-widget elementor-widget-video\" data-id=\"61caecd\" data-element_type=\"widget\" data-e-type=\"widget\" data-settings=\"{&quot;youtube_url&quot;:&quot;https:\\\/\\\/youtu.be\\\/2Fvcs0Oe3ss&quot;,&quot;video_type&quot;:&quot;youtube&quot;,&quot;controls&quot;:&quot;yes&quot;}\" data-widget_type=\"video.default\">\n\t\t\t\t\t\t\t<div class=\"elementor-wrapper elementor-open-inline\">\n\t\t\t<div class=\"elementor-video\"><\/div>\t\t<\/div>\n\t\t\t\t\t\t<\/div>\n\t\t\t\t<\/div>\n\t\t<div class=\"elementor-element elementor-element-305bbd0 e-con-full e-flex wpr-particle-no wpr-jarallax-no wpr-parallax-no wpr-sticky-section-no wpr-equal-height-no e-con e-child\" data-id=\"305bbd0\" data-element_type=\"container\" data-e-type=\"container\">\n\t\t\t\t<div class=\"elementor-element elementor-element-6e87e9e elementor-widget elementor-widget-video\" data-id=\"6e87e9e\" data-element_type=\"widget\" data-e-type=\"widget\" data-settings=\"{&quot;youtube_url&quot;:&quot;https:\\\/\\\/youtu.be\\\/I7kw7v7FYGQ?list=PLaGeyjym-LcTgMhpb9dWOtAONnFwW0f5V&quot;,&quot;video_type&quot;:&quot;youtube&quot;,&quot;controls&quot;:&quot;yes&quot;}\" data-widget_type=\"video.default\">\n\t\t\t\t\t\t\t<div class=\"elementor-wrapper elementor-open-inline\">\n\t\t\t<div class=\"elementor-video\"><\/div>\t\t<\/div>\n\t\t\t\t\t\t<\/div>\n\t\t\t\t<\/div>\n\t\t\t\t<\/div>\n\t\t\t\t\t<\/div>\n\t\t\t\t<\/div>\n\t\t<div class=\"elementor-element elementor-element-57d3b9d elementor-hidden-mobile e-flex e-con-boxed wpr-particle-no wpr-jarallax-no wpr-parallax-no wpr-sticky-section-no wpr-equal-height-no e-con e-parent\" data-id=\"57d3b9d\" data-element_type=\"container\" data-e-type=\"container\" data-settings=\"{&quot;background_background&quot;:&quot;classic&quot;}\">\n\t\t\t\t\t<div class=\"e-con-inner\">\n\t\t<div class=\"elementor-element elementor-element-a68b045 e-con-full e-flex wpr-particle-no wpr-jarallax-no wpr-parallax-no wpr-sticky-section-no wpr-equal-height-no e-con e-child\" data-id=\"a68b045\" data-element_type=\"container\" data-e-type=\"container\" data-settings=\"{&quot;background_background&quot;:&quot;classic&quot;}\">\n\t\t<div class=\"elementor-element elementor-element-bd1588b e-con-full e-flex wpr-particle-no wpr-jarallax-no wpr-parallax-no wpr-sticky-section-no wpr-equal-height-no e-con e-child\" data-id=\"bd1588b\" data-element_type=\"container\" data-e-type=\"container\">\n\t\t\t\t<div class=\"elementor-element elementor-element-b3a23c3 elementor-widget elementor-widget-image\" data-id=\"b3a23c3\" data-element_type=\"widget\" data-e-type=\"widget\" data-widget_type=\"image.default\">\n\t\t\t\t\t\t\t\t\t\t\t\t\t\t\t<img decoding=\"async\" width=\"79\" height=\"79\" src=\"https:\/\/orlandocani.com\/wp-content\/uploads\/2025\/09\/Group-157.png\" class=\"attachment-full size-full wp-image-654\" alt=\"\" \/>\t\t\t\t\t\t\t\t\t\t\t\t\t\t\t<\/div>\n\t\t\t\t<\/div>\n\t\t<div class=\"elementor-element elementor-element-4b5bcde e-con-full e-flex wpr-particle-no wpr-jarallax-no wpr-parallax-no wpr-sticky-section-no wpr-equal-height-no e-con e-child\" data-id=\"4b5bcde\" data-element_type=\"container\" data-e-type=\"container\">\n\t\t\t\t<div class=\"elementor-element elementor-element-0b2afbd elementor-widget elementor-widget-heading\" data-id=\"0b2afbd\" data-element_type=\"widget\" data-e-type=\"widget\" data-widget_type=\"heading.default\">\n\t\t\t\t\t<h2 class=\"elementor-heading-title elementor-size-default\">Whatsapp<\/h2>\t\t\t\t<\/div>\n\t\t\t\t<div class=\"elementor-element elementor-element-9844cc4 elementor-widget elementor-widget-heading\" data-id=\"9844cc4\" data-element_type=\"widget\" data-e-type=\"widget\" data-widget_type=\"heading.default\">\n\t\t\t\t\t<h2 class=\"elementor-heading-title elementor-size-default\"><a href=\"https:\/\/api.whatsapp.com\/send\/?phone=5521976782645&#038;text=Ol\u00e1,%20vim%20do%20site%20do%20Instituto%20Orlando%20Cani\" target=\"_blank\">(21) 97678-2645<\/a><\/h2>\t\t\t\t<\/div>\n\t\t\t\t<div class=\"elementor-element elementor-element-af1ef00 elementor-widget elementor-widget-text-editor\" data-id=\"af1ef00\" data-element_type=\"widget\" data-e-type=\"widget\" data-widget_type=\"text-editor.default\">\n\t\t\t\t\t\t\t\t\t<p>Talk to us quickly and easily via WhatsApp.<\/p>\t\t\t\t\t\t\t\t<\/div>\n\t\t\t\t<\/div>\n\t\t\t\t<\/div>\n\t\t<div class=\"elementor-element elementor-element-239b5c6 e-con-full elementor-hidden-mobile e-flex wpr-particle-no wpr-jarallax-no wpr-parallax-no wpr-sticky-section-no wpr-equal-height-no e-con e-child\" data-id=\"239b5c6\" data-element_type=\"container\" data-e-type=\"container\" data-settings=\"{&quot;background_background&quot;:&quot;classic&quot;}\">\n\t\t<div class=\"elementor-element elementor-element-e87911a e-con-full e-flex wpr-particle-no wpr-jarallax-no wpr-parallax-no wpr-sticky-section-no wpr-equal-height-no e-con e-child\" data-id=\"e87911a\" data-element_type=\"container\" data-e-type=\"container\">\n\t\t\t\t<div class=\"elementor-element elementor-element-6993154 elementor-widget elementor-widget-image\" data-id=\"6993154\" data-element_type=\"widget\" data-e-type=\"widget\" data-widget_type=\"image.default\">\n\t\t\t\t\t\t\t\t\t\t\t\t\t\t\t<img loading=\"lazy\" decoding=\"async\" width=\"79\" height=\"79\" src=\"https:\/\/orlandocani.com\/wp-content\/uploads\/2025\/09\/Group-157-1.png\" class=\"attachment-full size-full wp-image-655\" alt=\"\" \/>\t\t\t\t\t\t\t\t\t\t\t\t\t\t\t<\/div>\n\t\t\t\t<\/div>\n\t\t<div class=\"elementor-element elementor-element-967e4e2 e-con-full e-flex wpr-particle-no wpr-jarallax-no wpr-parallax-no wpr-sticky-section-no wpr-equal-height-no e-con e-child\" data-id=\"967e4e2\" data-element_type=\"container\" data-e-type=\"container\">\n\t\t\t\t<div class=\"elementor-element elementor-element-ef4bf42 elementor-widget elementor-widget-heading\" data-id=\"ef4bf42\" data-element_type=\"widget\" data-e-type=\"widget\" data-widget_type=\"heading.default\">\n\t\t\t\t\t<h2 class=\"elementor-heading-title elementor-size-default\">Email<\/h2>\t\t\t\t<\/div>\n\t\t\t\t<div class=\"elementor-element elementor-element-d93c494 elementor-widget elementor-widget-heading\" data-id=\"d93c494\" data-element_type=\"widget\" data-e-type=\"widget\" data-widget_type=\"heading.default\">\n\t\t\t\t\t<p class=\"elementor-heading-title elementor-size-default\">contato@orlandocani.com<\/p>\t\t\t\t<\/div>\n\t\t\t\t<div class=\"elementor-element elementor-element-b7222b0 elementor-widget elementor-widget-text-editor\" data-id=\"b7222b0\" data-element_type=\"widget\" data-e-type=\"widget\" data-widget_type=\"text-editor.default\">\n\t\t\t\t\t\t\t\t\t<p>Send your question to us by email.<\/p>\t\t\t\t\t\t\t\t<\/div>\n\t\t\t\t<\/div>\n\t\t\t\t<\/div>\n\t\t\t\t\t<\/div>\n\t\t\t\t<\/div>\n\t\t\t\t<\/div>","protected":false},"excerpt":{"rendered":"<p>M\u00e9todo Orlando Cani: Respirar, Mover, Viver O M\u00e9todo O M\u00e9todo Orlando Cani \u00e9 uma pr\u00e1tica corporal que integra movimento, respira\u00e7\u00e3o e consci\u00eancia para promover equil\u00edbrio f\u00edsico, mental e emocional. Criado ao longo de quase sete d\u00e9cadas de estudo e observa\u00e7\u00e3o da natureza, o m\u00e9todo une o equil\u00edbrio do Yoga, a fluidez da Biogin\u00e1stica e a espontaneidade do movimento natural em uma proposta \u00fanica e acess\u00edvel. Durante a pr\u00e1tica, o corpo se move de forma cont\u00ednua e org\u00e2nica, guiado pela respira\u00e7\u00e3o. Cada gesto \u00e9 uma oportunidade de presen\u00e7a, um convite para silenciar a mente e entrar em um estado meditativo em a\u00e7\u00e3o. A respira\u00e7\u00e3o, ao conduzir o movimento, torna-se o elo entre corpo e consci\u00eancia, permitindo ao praticante desenvolver foco, leveza e clareza mental. Mais do que um exerc\u00edcio, o M\u00e9todo \u00e9 um sistema vivo de autoconhecimento. Ele convida cada pessoa a escutar o pr\u00f3prio corpo, a reconhecer seus limites e possibilidades, e a encontrar um ritmo interno mais harmonioso. O m\u00e9todo j\u00e1 impactou milhares de pessoas ao longo das \u00faltimas d\u00e9cadas, de atletas de alto rendimento a profissionais do esporte, buscadores de bem-estar e pessoas que desejam viver com mais consci\u00eancia, sa\u00fade e qualidade de vida. Benef\u00edcios do M\u00e9todo Orlando Cani Desenvolvimento de for\u00e7a, flexibilidade, resist\u00eancia e coordena\u00e7\u00e3o Melhoria da postura, do foco e da consci\u00eancia corporal Redu\u00e7\u00e3o do estresse f\u00edsico, mental e emocional Est\u00edmulo \u00e0 criatividade, clareza mental e intui\u00e7\u00e3o Reconex\u00e3o com o prazer de se mover e com o corpo como fonte de equil\u00edbrio Vivencie na pr\u00e1tica \u2014 veja os cursos Veja os depoimentos de quem j\u00e1 vivenciou o m\u00e9todo https:\/\/youtu.be\/W7Sn0Xaz-DQhttps:\/\/youtu.be\/QHB16pVmkGQhttps:\/\/youtu.be\/2Fvcs0Oe3sshttps:\/\/youtu.be\/I7kw7v7FYGQ?list=PLaGeyjym-LcTgMhpb9dWOtAONnFwW0f5V Whatsapp (21) 97678-2645 Fale conosco de forma r\u00e1pida e pr\u00e1tica via whatsapp E-mail contato@orlandocani.com Envie sua d\u00favida para nosso e-mail<\/p>","protected":false},"author":1,"featured_media":0,"parent":0,"menu_order":0,"comment_status":"closed","ping_status":"closed","template":"elementor_header_footer","meta":{"footnotes":""},"class_list":["post-712","page","type-page","status-publish","hentry"],"_links":{"self":[{"href":"https:\/\/orlandocani.com\/en\/wp-json\/wp\/v2\/pages\/712","targetHints":{"allow":["GET"]}}],"collection":[{"href":"https:\/\/orlandocani.com\/en\/wp-json\/wp\/v2\/pages"}],"about":[{"href":"https:\/\/orlandocani.com\/en\/wp-json\/wp\/v2\/types\/page"}],"author":[{"embeddable":true,"href":"https:\/\/orlandocani.com\/en\/wp-json\/wp\/v2\/users\/1"}],"replies":[{"embeddable":true,"href":"https:\/\/orlandocani.com\/en\/wp-json\/wp\/v2\/comments?post=712"}],"version-history":[{"count":85,"href":"https:\/\/orlandocani.com\/en\/wp-json\/wp\/v2\/pages\/712\/revisions"}],"predecessor-version":[{"id":2071,"href":"https:\/\/orlandocani.com\/en\/wp-json\/wp\/v2\/pages\/712\/revisions\/2071"}],"wp:attachment":[{"href":"https:\/\/orlandocani.com\/en\/wp-json\/wp\/v2\/media?parent=712"}],"curies":[{"name":"wp","href":"https:\/\/api.w.org\/{rel}","templated":true}]}}